{"id":24,"date":"2016-06-06T04:46:02","date_gmt":"2016-06-06T04:46:02","guid":{"rendered":"https:\/\/icc-angkor.org\/?page_id=24"},"modified":"2020-11-15T13:05:01","modified_gmt":"2020-11-15T06:05:01","slug":"forewords-of-icc-angkor-co-presidents","status":"publish","type":"page","link":"https:\/\/icc-angkor.org\/fr\/about-us\/forewords-of-icc-angkor-co-presidents\/","title":{"rendered":"Co-pr\u00e9sidents du CIC-Angkor"},"content":{"rendered":"<p><\/p>\n<div style=\"text-align: left;\">\n<h2 style=\"font-size: 30px; padding-bottom: 10px; color: #000000;\">Co-pr\u00e9sidents du CIC-Angkor<\/h2>\n<div style=\"background-color: #3399ff; width: 100%; height: 2px; box-shadow: 0 1px 1px 0 rgba(0, 0, 0, 0.2), 0 1px 1px 0 rgba(0, 0, 0, 0.19);\"><\/div>\n<p>&nbsp;<\/p>\n<\/div>\n<table>\n<tbody>\n<tr>\n<td style=\"padding-right: 20px;\"><strong>Co-pr\u00e9sidence Fran\u00e7aise<\/strong><br \/>\n<strong>Ambassadeurs<\/strong><br \/>\n(Co-presidents des sessions pl\u00e9ni\u00e8res)<\/p>\n<div style=\"background-color: #3399ff; width: 100%; height: 2px;\"><\/div>\n<p><strong>1. Philippe COSTE<\/strong> (1991-1994)<br \/>\n<strong>2. Gildas LE LIDEC<\/strong> (1994-1998)<br \/>\n<strong>3. Andr\u00e9 LIBOUREL<\/strong>\u00a0(1998-2003)<br \/>\n<strong>4. Yvon ROE D&rsquo;ALBERT<\/strong>\u00a0(2003-2007)<br \/>\n<strong>5. Jean-Fran\u00e7ois DESMAZIERES<\/strong>\u00a0(2007-2010)<br \/>\n<strong>6. Christian CONNAN<\/strong>\u00a0(2010-2012)<br \/>\n<strong>7. Serge MOSTURA<\/strong>\u00a0(2012-2014)<br \/>\n<strong>8. Jean-Claude POIMB\u0152UF<\/strong>\u00a0(2012-2017)<br \/>\n<strong>9. \u00c9va NGUYEN-BINH<\/strong><\/td>\n<td style=\"padding-left: 20px;\"><strong><strong>Co-pr\u00e9sidence Japonaise<\/strong><\/strong><br \/>\n<strong>Ambassadeurs<\/strong><br \/>\n(Co-presidents des sessions pl\u00e9ni\u00e8res)<\/p>\n<div style=\"background-color: #3399ff; width: 100%; height: 2px;\"><\/div>\n<p><strong>1. Yukio IMAGAWA<\/strong>\u00a0(1991-1996)<br \/>\n<strong>2. Shohei NAITO<\/strong>\u00a0(1996-1997)<br \/>\n<strong>3. Masaki SAITO<\/strong>\u00a0(1997-2000)<br \/>\n<strong>4. Gotaro OGAWA<\/strong>\u00a0(2000-2003)<br \/>\n<strong>5. Fumiaki TAKAHASHI<\/strong>\u00a0(2003-2007)<br \/>\n<strong>6. Katsuhiro SHINOHARA<\/strong>\u00a0(2007-2009)<br \/>\n<strong>7. Masafumi KUROKI<\/strong>\u00a0(2009-2013)<br \/>\n<strong>8. Yuji KUMAMARU<\/strong>\u00a0(2013-2016)<br \/>\n<strong>9. Hidehisa HORINOUCHI<\/strong><\/td>\n<\/tr>\n<tr>\n<td style=\"padding-right: 20px;\"><strong><strong>Co-pr\u00e9sidence Fran\u00e7aise<\/strong><\/strong><br \/>\n<strong>Conseillers de coop\u00e9ration et d&rsquo;action culturelle<\/strong><br \/>\n(Co-pr\u00e9sidents des sessions techniques)<\/p>\n<div style=\"background-color: #3399ff; width: 100%; height: 2px;\"><\/div>\n<p><strong>1. Gilles CARASSO<\/strong> (1994-1998)<br \/>\n<strong>2. Jacques GERARD<\/strong> (1998-2002)<br \/>\n<strong>3. Dominique DORDAIN<\/strong> (2002-2006)<br \/>\n<strong>4. Dominique FRESLON<\/strong> (2006-2010)<br \/>\n<strong>5. Catherine MANCIP<\/strong> (2010-2012)<br \/>\n<strong>6. Romain LOUVET<\/strong> (2012-2016)<br \/>\n<strong>7. Guillaume NARJOLLET\u00a0<\/strong>(2016-2020)<br \/>\n<strong>8. Christophe GIGAUDAUT\u00a0<\/strong><\/td>\n<td style=\"padding-left: 20px;\"><strong><strong>Co-pr\u00e9sidence Japonaise<\/strong><\/strong><br \/>\n<strong>Ministers<\/strong><br \/>\n(Co-pr\u00e9sidents des sessions techniques)<\/p>\n<div style=\"background-color: #3399ff; width: 100%; height: 2px;\"><\/div>\n<p><strong>1. Kenji YAMAMOTO<\/strong> (1997-1999)<br \/>\n<strong>2. Eiji YAMAMOTO<\/strong> (1999-2001)<br \/>\n<strong>3. Katsuhiro SHINOHARA<\/strong> (2001-2004)<br \/>\n<strong>4. Susumu INOUE<\/strong> (2004-2006)<br \/>\n<strong>5. Norio MARUYAMA<\/strong> (2006-2009)<br \/>\n<strong>6. Hiroshi KAWAMURA<\/strong> (2009-2012)<br \/>\n<strong>7. Yoshiro HIGUCHI<\/strong> (2012-2015)<br \/>\n<strong>8. Takahisa TSUGAWA<\/strong> (2015-2017)<br \/>\n<strong>9. Kenichi BESSHO\u00a0<\/strong>(2017-2020)<br \/>\n<strong>10. Atsushi KARIMATA<\/strong><\/td>\n<\/tr>\n<\/tbody>\n<\/table>\n<p><\/p>","protected":false},"excerpt":{"rendered":"<p>Co-pr\u00e9sidents du CIC-Angkor &nbsp; Co-pr\u00e9sidence Fran\u00e7aise Ambassadeurs (Co-presidents des sessions pl\u00e9ni\u00e8res) 1. Philippe COSTE (1991-1994) 2. Gildas LE LIDEC (1994-1998) 3. Andr\u00e9 LIBOUREL\u00a0(1998-2003) 4. Yvon ROE D&rsquo;ALBERT\u00a0(2003-2007) 5. Jean-Fran\u00e7ois DESMAZIERES\u00a0(2007-2010) 6. Christian CONNAN\u00a0(2010-2012) 7. Serge MOSTURA\u00a0(2012-2014) 8. Jean-Claude POIMB\u0152UF\u00a0(2012-2017) 9.<\/p>\n","protected":false},"author":1,"featured_media":0,"parent":14,"menu_order":0,"comment_status":"closed","ping_status":"closed","template":"templates\/co-presidents-page-template.php","meta":{"footnotes":""},"class_list":["post-24","page","type-page","status-publish","hentry"],"_links":{"self":[{"href":"https:\/\/icc-angkor.org\/fr\/wp-json\/wp\/v2\/pages\/24","targetHints":{"allow":["GET"]}}],"collection":[{"href":"https:\/\/icc-angkor.org\/fr\/wp-json\/wp\/v2\/pages"}],"about":[{"href":"https:\/\/icc-angkor.org\/fr\/wp-json\/wp\/v2\/types\/page"}],"author":[{"embeddable":true,"href":"https:\/\/icc-angkor.org\/fr\/wp-json\/wp\/v2\/users\/1"}],"replies":[{"embeddable":true,"href":"https:\/\/icc-angkor.org\/fr\/wp-json\/wp\/v2\/comments?post=24"}],"version-history":[{"count":73,"href":"https:\/\/icc-angkor.org\/fr\/wp-json\/wp\/v2\/pages\/24\/revisions"}],"predecessor-version":[{"id":4759,"href":"https:\/\/icc-angkor.org\/fr\/wp-json\/wp\/v2\/pages\/24\/revisions\/4759"}],"up":[{"embeddable":true,"href":"https:\/\/icc-angkor.org\/fr\/wp-json\/wp\/v2\/pages\/14"}],"wp:attachment":[{"href":"https:\/\/icc-angkor.org\/fr\/wp-json\/wp\/v2\/media?parent=24"}],"curies":[{"name":"wp","href":"https:\/\/api.w.org\/{rel}","templated":true}]}}