{"id":26,"date":"2016-06-06T04:46:18","date_gmt":"2016-06-06T04:46:18","guid":{"rendered":"https:\/\/icc-angkor.org\/?page_id=26"},"modified":"2017-03-21T03:18:09","modified_gmt":"2017-03-21T03:18:09","slug":"biographies","status":"publish","type":"page","link":"https:\/\/icc-angkor.org\/fr\/about-us\/biographies\/","title":{"rendered":"Experts Adhoc"},"content":{"rendered":"<p><\/p>\n<div style=\"text-align: left;\">\n<h2 style=\"font-size: 30px; padding-bottom: 10px; color: #000000;\">Groupe d&rsquo;experts Ad-hoc pour la conservation<\/h2>\n<div style=\"background-color: #3399ff; width: 100%; height: 2px; box-shadow: 0 1px 1px 0 rgba(0, 0, 0, 0.2), 0 1px 1px 0 rgba(0, 0, 0, 0.19);\"><\/div>\n<p>&nbsp;<\/p>\n<\/div>\n<div style=\"margin-left: -20px; margin-right: -20px;\">\n<table style=\"width: 100%;\">\n<tbody>\n<tr>\n<td style=\"text-align: justify; vertical-align: top; padding-right: 40px; padding-left: 20px; line-height: 17px; width: 300px;\">\n<div style=\"width: 35%; float: left;\"><img decoding=\"async\" style=\"height: 120px; width: 90px;\" src=\"https:\/\/icc-angkor.org\/wp-content\/uploads\/2016\/06\/mounir_bouchenaki.jpg\" alt=\"mounir bouchenaki\" \/><\/div>\n<div style=\"width: 65%; float: right;\"><strong>MOUNIR BOUCHENAKI<\/strong><br \/>\nest Docteur en arch\u00e9ologie et histoire ancienne. Il a \u00e9t\u00e9 \u00e9lu en qualit\u00e9 de Directeur g\u00e9n\u00e9ral de l\u2019ICCROM (Centre international d\u2019\u00e9tudes pour la conservation et la restauration des biens culturels) en novembre 2005 et jusqu\u2019en 2011. Il a occup\u00e9 auparavant, au sein de l\u2019UNESCO entre 1982 et 2005, les fonctions de Directeur de la Division du Patrimoine Culturel, Directeur du Centre du Patrimoine Mondial et de Sous-Directeur g\u00e9n\u00e9ral pour la Culture. Il a \u00e9galement exerc\u00e9 les fonctions de Directeur des Beaux-Arts, Monuments et Sites au sein du minist\u00e8re de l\u2019Information et de la Culture en Alg\u00e9rie entre 1974 et 1982. Depuis 2005, il est membre du groupe d\u2019experts ad hoc pour le CIC-Angkor.<\/div>\n<p>&nbsp;<\/td>\n<td style=\"text-align: justify; vertical-align: top; padding-right: 40px; line-height: 17px; width: 300px;\">\n<div style=\"width: 35%; float: left;\"><img decoding=\"async\" style=\"height: 120px; width: 90px;\" src=\"https:\/\/icc-angkor.org\/wp-content\/uploads\/2016\/06\/giorgio-croci.jpg\" alt=\"giorgio croci\" \/><\/div>\n<div style=\"width: 65%; float: right;\"><strong>GIORGIO CROCI<\/strong><br \/>\nest Professeur d\u2019ing\u00e9nierie structurelle \u00e0 l\u2019universit\u00e9 La Sapienza \u00e0 Rome, o\u00f9 il a re\u00e7u son dipl\u00f4me en ing\u00e9nierie civile en 1960. Depuis 1994, il est membre du groupe ad hoc de l\u2019UNESCO pour la pr\u00e9servation des temples d\u2019Angkor. Coordinateur d\u2019un groupe international d\u2019experts, il a r\u00e9dig\u00e9 un document intitul\u00e9 \u00ab Recommandations pour la conservation et la pr\u00e9servation des monuments d\u2019Angkor \u00bb, devenu \u00ab Charte pour Angkor \u00bb. De 1995 \u00e0 2005, il a pr\u00e9sid\u00e9 le Comit\u00e9 scientifique international pour l\u2019analyse et la restauration des structures du patrimoine architectural au sein de l\u2019ICOMOS (Conseil international des monuments et des sites). \u00c0 l\u2019heure actuelle, il en est le pr\u00e9sident d\u2019honneur. Par ailleurs, il est expert international pour l\u2019UNESCO (Plateau des Pyramides ; Tour de Pise ; Axoum ; etc.). L\u2019Acad\u00e9mie d\u2019architecture (Paris) lui a d\u00e9cern\u00e9 en mars 2000 la m\u00e9daille d\u2019argent de la personnalit\u00e9 ayant le plus activement contribu\u00e9 \u00e0 la conservation du patrimoine mondial. Il a re\u00e7u en 2008 la m\u00e9daille d\u2019or nationale italienne du m\u00e9rite culturel et historique, de la part du pr\u00e9sident italien Giorgio Napolitano.<\/div>\n<p>&nbsp;<\/td>\n<td style=\"text-align: justify; vertical-align: top; padding-right: 20px; line-height: 17px; width: 300px;\">\n<div style=\"width: 35%; float: left;\"><img decoding=\"async\" style=\"height: 120px; width: 90px;\" src=\"https:\/\/icc-angkor.org\/wp-content\/uploads\/2016\/06\/Pierre-Andre-Lablaude.jpg\" alt=\"Pierre andre lablaude\" \/><\/div>\n<div style=\"width: 65%; float: right;\"><strong>PIERRE-ANDR\u00c9 LABLAUDE <\/strong><br \/>\nest architecte D.P.L.G., dipl\u00f4m\u00e9 du Centre d\u2019\u00e9tudes sup\u00e9rieures d\u2019histoire et de conservation des monuments anciens, ancien Architecte en Chef et Inspecteur g\u00e9n\u00e9ral des Monuments Historiques ; il a d\u00e9velopp\u00e9 depuis de nombreuses ann\u00e9es une sp\u00e9cificit\u00e9 patrimoniale rare, celle portant sur la conservation et la restauration des jardins et paysages historiques. Membre de la Commission Nationale des Monuments Historiques, il est \u00e9galement l\u2019auteur de nombreuses publications et exerce par ailleurs une activit\u00e9 d\u2019enseignement du patrimoine en France et \u00e0 l\u2019\u00e9tranger. Il assure \u00e9galement, depuis 1995, un certain nombre d\u2019expertises pour le minist\u00e8re fran\u00e7ais des Affaires \u00e9trang\u00e8res ou pour l\u2019UNESCO et intervient r\u00e9guli\u00e8rement \u00e0 ce titre, \u00e0 l\u2019international, sur diff\u00e9rents monuments et sites inscrits sur la Liste du Patrimoine mondial.<\/div>\n<p>&nbsp;<\/td>\n<\/tr>\n<\/tbody>\n<\/table>\n<table style=\"width: 100%;\">\n<tbody>\n<tr>\n<td style=\"text-align: justify; vertical-align: top; padding-right: 40px; padding-left: 20px; line-height: 17px; width: 300px;\">\n<div style=\"width: 35%; float: left;\"><img decoding=\"async\" style=\"height: 120px; width: 90px;\" src=\"https:\/\/icc-angkor.org\/wp-content\/uploads\/2016\/06\/Kenchiro-Hidaka.jpg\" alt=\"Kenchiro Hidaka\" \/><\/div>\n<div style=\"width: 65%; float: right;\"><strong>KENICHIRO HIDAKA<\/strong><br \/>\nest Professeur d\u2019histoire de l\u2019architecture pour le programme doctoral d\u2019\u00e9tudes culturelles mondiales \u00e0 l\u2019universit\u00e9 de Tsukuba (ville de Tsukuba, Japon), dont il est le directeur. Dipl\u00f4m\u00e9 d\u2019un doctorat en architecture de l\u2019universit\u00e9 de Tokyo, il dirige depuis 1990 le Surveying Project of Hagia Sophia (le projet de relev\u00e9s de Sainte Sophie) \u00e0 Istanbul en Turquie, dont les r\u00e9sultats partiels ont \u00e9t\u00e9 publi\u00e9s et r\u00e9compens\u00e9s du prix annuel des historiens de l\u2019architecture de Tokyo. Membre actif de l\u2019ICOMOS-Japon, il est membre votant pour le Japon au Comit\u00e9 scientifique international de l\u2019analyse et restauration des structures du patrimoine architectural (ISCARSAH). En 2009, succ\u00e9dant au Professeur Hiroyuki Suzuki, il devient membre du groupe d\u2019experts ad hoc pour le CIC-Angkor.<\/div>\n<p>&nbsp;<\/td>\n<td style=\"text-align: justify; vertical-align: top; padding-right: 40px; line-height: 17px; width: 300px;\">\n<div style=\"width: 35%; float: left;\"><img decoding=\"async\" style=\"height: 120px; width: 90px;\" src=\"https:\/\/icc-angkor.org\/wp-content\/uploads\/2016\/06\/jmfurt.jpg\" alt=\"Jean Marie Furt\" \/><\/div>\n<div style=\"width: 65%; float: right;\"><strong>JEAN-MARIE FURT<\/strong><br \/>\na suivi une double formation en droit et gestion, couronn\u00e9e par un doctorat et une agr\u00e9gation, avant de commencer une carri\u00e8re d\u2019universitaire tout en exer\u00e7ant des fonctions de conseiller en d\u00e9veloppement touristique. Il a dans ce cadre publi\u00e9 de nombreux ouvrages sur les rapports entre patrimoine et tourisme, tout en participant, \u00e0 la demande des territoires, \u00e0 l\u2019\u00e9laboration de sch\u00e9mas de d\u00e9veloppement, plans de gestion et \u00e9tudes diverses sur l\u2019\u00e9conomie du tourisme et le management territorial durable. Il est membre de nombreux conseils scientifiques d\u2019organismes oeuvrant pour la protection des espaces naturels et le d\u00e9veloppemement culturel. Il assume depuis 2007 sa fonction d\u2019expert pour le d\u00e9veloppement durable au sein du groupe d\u2019experts ad hoc du CIC-Angkor.<\/div>\n<p>&nbsp;<\/td>\n<td style=\"text-align: justify; vertical-align: top; line-height: 17px; padding-right: 20px; width: 300px;\">\n<div style=\"width: 35%; float: left;\"><img decoding=\"async\" style=\"height: 120px; width: 90px;\" src=\"https:\/\/icc-angkor.org\/wp-content\/uploads\/2016\/06\/bernardhubert.jpg\" alt=\"Bernard Hubert\" \/><\/div>\n<div style=\"width: 65%; float: right;\"><strong>BERNARD HUBERT<\/strong><br \/>\nest directeur de recherche \u00e9m\u00e9rite \u00e0 l\u2019Institut national de recherche agronomique (INRA) et Directeur d\u2019\u00e9tudes \u00e0 l\u2019\u00c9cole des hautes \u00e9tudes en sciences sociales (EHESS). Apr\u00e8s une formation en \u00e9cologie, il a \u00e9largi ses travaux en s\u2019int\u00e9ressant aux r\u00f4les des activit\u00e9s humaines. Il a cherch\u00e9 \u00e0 comprendre la contribution des sciences sociales aux questions li\u00e9es aux sciences de la vie. Cette exp\u00e9rience l\u2019a conduit \u00e0 devenir Directeur du D\u00e9partement des syst\u00e8mes agraires et du d\u00e9veloppement de l\u2019INRA de 1994 \u00e0 2003, puis Directeur scientifique \u00e0 la Direction \u00ab Soci\u00e9t\u00e9, \u00c9conomie, D\u00e9cision \u00bb de l\u2019INRA, de 2003 \u00e0 2007. De 2007 \u00e0 2010, il a dirig\u00e9 le Groupement d\u2019Int\u00e9r\u00eat Public \u00ab Initiative fran\u00e7aise pour la recherche agronomique internationale \u00bb (entre l\u2019INRA et le CIRAD) (FI4IAR). Depuis avril 2009, il pr\u00e9side Agropolis International \u00e0 Montpellier. Depuis 2010, il est expert pour le \u00ab d\u00e9veloppement durable \u00bb, repr\u00e9sentant la France aupr\u00e8s du CIC-Angkor.<\/div>\n<\/td>\n<\/tr>\n<\/tbody>\n<\/table>\n<table style=\"width: 100%;\">\n<tbody>\n<tr>\n<td style=\"text-align: justify; vertical-align: top; padding-right: 40px; padding-left: 20px; line-height: 17px; width: 29.932%;\">\n<div style=\"width: 35%; float: left;\"><img decoding=\"async\" style=\"height: 120px; width: 90px;\" src=\"https:\/\/icc-angkor.org\/wp-content\/uploads\/2016\/06\/shinjitsukawaki.jpg\" alt=\"Shini Tsukawaki\" \/><\/div>\n<div style=\"width: 65%; float: right;\"><strong>SHINJI TSUKAWAKI<\/strong><br \/>\nest Professeur de g\u00e9oscience \u00e0 l\u2019Institut de la nature et des technologies de l\u2019environnement de l\u2019universit\u00e9 de Kanazawa au Japon. En tant que s\u00e9dimentologue et g\u00e9ologue marin, il \u00e9tudie le d\u00e9veloppement g\u00e9ologique des \u00eeles japonaises. Il travaille depuis 1992 au Cambodge, o\u00f9 il m\u00e8ne des recherches scientifiques sur le d\u00e9veloppement g\u00e9o-environnemental et la p\u00e9rennit\u00e9 de la biodiversit\u00e9 du lac Tonl\u00e9 Sap, sur la pollution environnementale et la d\u00e9gradation du parc arch\u00e9ologique d\u2019Angkor. Il a pour objectif de concevoir un environnement p\u00e9renne et \u00e9quilibr\u00e9 entre le patrimoine culturel, l\u2019environnement naturel et les communaut\u00e9s locales. Shinji Tsukawaki est Docteur en science de la g\u00e9ologie et pal\u00e9ontologie de l\u2019universit\u00e9 de Tohoku au Japon. Il a \u00e9t\u00e9 nomm\u00e9 expert ad hoc aupr\u00e8s du CIC-Angkor en 2012.<\/div>\n<p>&nbsp;<\/td>\n<td style=\"text-align: justify; vertical-align: top; padding-right: 40px; line-height: 17px; width: 34.966%;\">\n<div style=\"width: 35%; float: left;\"><\/div>\n<div style=\"width: 65%; float: right;\"><\/div>\n<p><strong>Anciens membres des Experts adhoc:<\/strong><\/p>\n<p>Prof. Fran\u00e7ois HOULLIER<br \/>\nProf. Hiroyuki SUZUKI<br \/>\nProf. Tetsuji GOTO<\/td>\n<td style=\"text-align: justify; vertical-align: top; padding-right: 20px; line-height: 17px; width: 16.4626%;\">\n<div style=\"width: 35%; float: left;\"><\/div>\n<div style=\"width: 65%; float: right;\"><\/div>\n<p>&nbsp;<\/td>\n<\/tr>\n<\/tbody>\n<\/table>\n<\/div>\n<p><\/p>","protected":false},"excerpt":{"rendered":"<p>Groupe d&rsquo;experts Ad-hoc pour la conservation &nbsp; MOUNIR BOUCHENAKI est Docteur en arch\u00e9ologie et histoire ancienne. Il a \u00e9t\u00e9 \u00e9lu en qualit\u00e9 de Directeur g\u00e9n\u00e9ral de l\u2019ICCROM (Centre international d\u2019\u00e9tudes pour la conservation et la restauration des biens culturels) en<\/p>\n","protected":false},"author":1,"featured_media":0,"parent":14,"menu_order":0,"comment_status":"closed","ping_status":"closed","template":"templates\/biographies-page-template.php","meta":{"footnotes":""},"class_list":["post-26","page","type-page","status-publish","hentry"],"_links":{"self":[{"href":"https:\/\/icc-angkor.org\/fr\/wp-json\/wp\/v2\/pages\/26","targetHints":{"allow":["GET"]}}],"collection":[{"href":"https:\/\/icc-angkor.org\/fr\/wp-json\/wp\/v2\/pages"}],"about":[{"href":"https:\/\/icc-angkor.org\/fr\/wp-json\/wp\/v2\/types\/page"}],"author":[{"embeddable":true,"href":"https:\/\/icc-angkor.org\/fr\/wp-json\/wp\/v2\/users\/1"}],"replies":[{"embeddable":true,"href":"https:\/\/icc-angkor.org\/fr\/wp-json\/wp\/v2\/comments?post=26"}],"version-history":[{"count":89,"href":"https:\/\/icc-angkor.org\/fr\/wp-json\/wp\/v2\/pages\/26\/revisions"}],"predecessor-version":[{"id":1698,"href":"https:\/\/icc-angkor.org\/fr\/wp-json\/wp\/v2\/pages\/26\/revisions\/1698"}],"up":[{"embeddable":true,"href":"https:\/\/icc-angkor.org\/fr\/wp-json\/wp\/v2\/pages\/14"}],"wp:attachment":[{"href":"https:\/\/icc-angkor.org\/fr\/wp-json\/wp\/v2\/media?parent=26"}],"curies":[{"name":"wp","href":"https:\/\/api.w.org\/{rel}","templated":true}]}}