{"id":28,"date":"2016-06-06T04:46:25","date_gmt":"2016-06-06T04:46:25","guid":{"rendered":"https:\/\/icc-angkor.org\/?page_id=28"},"modified":"2017-06-10T03:04:54","modified_gmt":"2017-06-10T03:04:54","slug":"icc-angkor-secretariat-member","status":"publish","type":"page","link":"https:\/\/icc-angkor.org\/fr\/about-us\/icc-angkor-secretariat-member\/","title":{"rendered":"MEMBRES DU SECRETARIAT DU CIC-ANGKOR"},"content":{"rendered":"<p><\/p>\n<div style=\"text-align: left;\">\n<h2 style=\"font-size: 30px; color: #000000; padding-bottom: 10px;\">ICC-Angkor secretariat members<\/h2>\n<div style=\"background-color: #3399ff; width: 100%; height: 2px; box-shadow: 0 1px 1px 0 rgba(0, 0, 0, 0.2), 0 1px 1px 0 rgba(0, 0, 0, 0.19);\"><\/div>\n<p>&nbsp;<\/p>\n<\/div>\n<div style=\"margin-left:-20px;margin-right:-20px\">\n<table style=\"width: 100%;\">\n<tbody>\n<tr>\n<td style=\"text-align: justify; vertical-align: top; padding-right: 40px; padding-left: 20px; line-height: 17px; width: 267px;\">\n<div style=\"width: 38%; float: left;\"><img decoding=\"async\" style=\"height: 120px; width: 90px;\" src=\"https:\/\/icc-angkor.org\/wp-content\/uploads\/2016\/06\/bechaouch.jpg\" alt=\"Koala\" \/><\/div>\n<div style=\"width: 62%; float: right;\"><strong>Azedine BESCHAOUCH<\/strong><br \/>\nest secr\u00e9taire scientifique du CIC-Angkor depuis 1993. Arch\u00e9ologue et gestionnaire du patrimoine, il a \u00e9t\u00e9 \u00e9lu deux fois Pr\u00e9sident du Comit\u00e9 du patrimoine mondial et plusieurs fois Rapporteur. Le Professeur Beschaouch \u00e9tait membre du Comit\u00e9 du patrimoine mondial de 1979 \u00e0 1993. Depuis 1997, il est membre de l\u2019Acad\u00e9mie des inscriptions et belles-lettres, France.<\/div>\n<\/td>\n<td style=\"text-align: justify; vertical-align: top; padding-right: 40px; line-height: 17px; width: 267px;\">\n<div style=\"width: 38%; float: left;\"><img decoding=\"async\" src=\"https:\/\/icc-angkor.org\/wp-content\/uploads\/2016\/06\/annelemaistre.jpg\" alt=\"Koala\" \/><\/div>\n<div style=\"width: 62%; float: right;\"><strong>Anne LEMAISTRE<\/strong><br \/>\na suivi une double formation, juridique et patrimoniale. Elle a travaill\u00e9 de 1988 \u00e0 1991 au P\u00e9rou sur les projets de sauvegarde du patrimoine culturel de la r\u00e9gion, de 1993 \u00e0 2004 au Programme international de sauvegarde et de d\u00e9veloppement du site d\u2019Angkor, avant d\u2019\u00eatre nomm\u00e9e en 2011 repr\u00e9sentante de l\u2019UNESCO au Cambodge.<\/div>\n<\/td>\n<td style=\"text-align: justify; vertical-align: top; padding-right: 20px; line-height: 17px; width: 267px;\">\n<div style=\"width: 38%; float: left;\"><img decoding=\"async\" src=\"https:\/\/icc-angkor.org\/wp-content\/uploads\/2016\/06\/philippe.jpg\" alt=\"Koala\" \/><\/div>\n<div style=\"width: 62%; float: right;\"><strong>Philippe DELANGHE<\/strong><br \/>\na fait des \u00e9tudes de ma\u00eetrise en histoire, arch\u00e9ologie et anthropologie. Il a rejoint pour la premi\u00e8re fois le Bureau de l\u2019UNESCO de Jakarta, Indon\u00e9sie, comme expert associ\u00e9 pour la culture au d\u00e9but de l\u2019ann\u00e9e 1994, puis assure le r\u00f4le de sp\u00e9cialiste de programme pour la culture \u00e0 Jakarta, \u00e0 Amman et depuis 2007 \u00e0 Phnom Penh.<\/div>\n<p>&nbsp;<\/td>\n<\/tr>\n<\/tbody>\n<\/table>\n<table style=\"width: 100%;\">\n<tbody>\n<tr>\n<td style=\"text-align: justify; vertical-align: top; padding-right: 40px; padding-left: 20px; line-height: 17px; width: 267px;\">\n<div style=\"width: 38%; float: left;\"><img decoding=\"async\" src=\"https:\/\/icc-angkor.org\/wp-content\/uploads\/2016\/06\/kerya.jpg\" alt=\"Koala\" \/><\/div>\n<div style=\"width: 62%; float: right;\"><strong>CHAU SUN K\u00e9rya<\/strong><br \/>\nest titulaire d\u2019un master I et II en \u00ab m\u00e9diation et ing\u00e9nierie culturelle et touristique dans les territoire\u00bb. Elle a \u00e9t\u00e9 d\u00e9cor\u00e9e en 2011 de la m\u00e9daille d\u2019Officier dans les arts et les lettres. Elle repr\u00e9sente l\u2019Autorit\u00e9 nationale APSARA au sein du Secr\u00e9tariat permanent du CIC-Angkor depuis 2005.<\/div>\n<p>&nbsp;<\/td>\n<td style=\"text-align: justify; vertical-align: top; padding-right: 40px; line-height: 17px; width: 267px;\">\n<div style=\"width: 38%; float: left;\"><img decoding=\"async\" style=\"height: 120px; width: 90px;\" src=\"https:\/\/icc-angkor.org\/wp-content\/uploads\/2016\/06\/prom_chak.jpg\" alt=\"Koala\" \/><\/div>\n<div style=\"width: 62%; float: right;\"><strong>PROM Chak<\/strong><br \/>\na suivi des \u00e9tudes en g\u00e9ologie avant de d\u00e9buter sa carri\u00e8re au minist\u00e8re cambodgien de l\u2019Industrie, tout en soutenant une association locale sp\u00e9cialis\u00e9e dans les arts vivants. Il rejoint le bureau de l\u2019UNESCO \u00e0 Phnom Penh en 2000 en tant que Volontaire et rejoint le secr\u00e9tariat du CIC-Angkor en 2007.<\/div>\n<p>&nbsp;<\/td>\n<td style=\"text-align: justify; vertical-align: top; padding-right: 20px; line-height: 17px; width: 267px;\">\n<div style=\"width: 38%; float: left;\"><img decoding=\"async\" style=\"height: 120px; width: 90px;\" src=\"https:\/\/icc-angkor.org\/wp-content\/uploads\/2016\/06\/niran.jpg\" alt=\"Koala\" \/><\/div>\n<div style=\"width: 62%; float: right;\"><strong>Nou Niran<\/strong><br \/>\nEst titulaire d\u2019un Master I et II en Gestion \u00e0 l&rsquo;\u00c9cole sup\u00e9rieure de gestion \u00e0 Paris et d\u2019une Licence en Gestion d\u2019H\u00f4tellerie et du Tourisme \u00e0 Paris. il rejoint l\u2019UNESCO en 2015 en tant que Professionnel National du Programme.<\/div>\n<p>&nbsp;<\/td>\n<\/tr>\n<\/tbody>\n<\/table>\n<\/div>\n<p><strong>Anciens membres du Secretariat permanent du CIC-Angkor:<\/strong><br \/>\nBun Hok LIM<br \/>\nBlaise KILIAN<br \/>\nTamara TENEISHVILI<br \/>\nS\u00e9bastien CAVALIER<br \/>\nKeiko MIURA<\/p>","protected":false},"excerpt":{"rendered":"<p>ICC-Angkor secretariat members &nbsp; Azedine BESCHAOUCH est secr\u00e9taire scientifique du CIC-Angkor depuis 1993. Arch\u00e9ologue et gestionnaire du patrimoine, il a \u00e9t\u00e9 \u00e9lu deux fois Pr\u00e9sident du Comit\u00e9 du patrimoine mondial et plusieurs fois Rapporteur. Le Professeur Beschaouch \u00e9tait membre du<\/p>\n","protected":false},"author":1,"featured_media":0,"parent":14,"menu_order":0,"comment_status":"closed","ping_status":"closed","template":"templates\/icc-angkor-page-template.php","meta":{"footnotes":""},"class_list":["post-28","page","type-page","status-publish","hentry"],"_links":{"self":[{"href":"https:\/\/icc-angkor.org\/fr\/wp-json\/wp\/v2\/pages\/28","targetHints":{"allow":["GET"]}}],"collection":[{"href":"https:\/\/icc-angkor.org\/fr\/wp-json\/wp\/v2\/pages"}],"about":[{"href":"https:\/\/icc-angkor.org\/fr\/wp-json\/wp\/v2\/types\/page"}],"author":[{"embeddable":true,"href":"https:\/\/icc-angkor.org\/fr\/wp-json\/wp\/v2\/users\/1"}],"replies":[{"embeddable":true,"href":"https:\/\/icc-angkor.org\/fr\/wp-json\/wp\/v2\/comments?post=28"}],"version-history":[{"count":121,"href":"https:\/\/icc-angkor.org\/fr\/wp-json\/wp\/v2\/pages\/28\/revisions"}],"predecessor-version":[{"id":1705,"href":"https:\/\/icc-angkor.org\/fr\/wp-json\/wp\/v2\/pages\/28\/revisions\/1705"}],"up":[{"embeddable":true,"href":"https:\/\/icc-angkor.org\/fr\/wp-json\/wp\/v2\/pages\/14"}],"wp:attachment":[{"href":"https:\/\/icc-angkor.org\/fr\/wp-json\/wp\/v2\/media?parent=28"}],"curies":[{"name":"wp","href":"https:\/\/api.w.org\/{rel}","templated":true}]}}