{"id":6,"date":"2016-06-06T04:40:53","date_gmt":"2016-06-06T04:40:53","guid":{"rendered":"https:\/\/icc-angkor.org\/?page_id=6"},"modified":"2018-11-30T17:15:49","modified_gmt":"2018-11-30T10:15:49","slug":"homepage","status":"publish","type":"page","link":"https:\/\/icc-angkor.org\/fr\/","title":{"rendered":"CIC-Angkor, qui sommes-nous?"},"content":{"rendered":"<p><\/p>\n<div style=\"width: 39%; padding: 0 10px 0 20px; float: left; text-align: justify;\">\n<p><strong>R\u00f4le <\/strong><\/p>\n<p>Le CIC-Angkor est un m\u00e9canisme international de coordination de l&rsquo;assistance offerte par diff\u00e9rents pays et organisations \u00e0 la sauvegarde et au d\u00e9veloppement du site historique d&rsquo;Angkor<\/p>\n<p>Afin de remplir sa t\u00e2che, le CIC-Angkor est tenu inform\u00e9 des\u00a0projets scientifiques ou des travaux de d\u00e9veloppement entrepris\u00a0sur le site et dans la r\u00e9gion de Siem Reap-Angkor. Il veille \u00e0 la\u00a0coh\u00e9rence des diff\u00e9rents projets et d\u00e9finit, lorsque n\u00e9cessaire,\u00a0les normes techniques et financi\u00e8res requises. Il appelle l\u2019attention\u00a0des parties concern\u00e9es lorsque le besoin s\u2019en fait sentir.<\/p>\n<p>Le CIC-Angkor d\u00e9finit la mise en place de proc\u00e9dures destin\u00e9es\u00a0\u00e0 favoriser la <strong>compr\u00e9hension<\/strong>, l\u2019<strong>\u00e9valuation<\/strong> et le <strong>suivi des projets<\/strong>\u00a0scientifiques, de conservation ou de d\u00e9veloppement propos\u00e9s\u00a0pour le site d\u2019Angkor.<\/p>\n<p>Le CIC-Angkor coordonne l\u2019\u00e9laboration d\u2019un document m\u00e9thodologique\u00a0sur l\u2019\u00e9thique et la pratique de la conservation\u00a0d\u2019Angkor (conservation, mise en valeur, d\u00e9veloppement) : <strong>la\u00a0Charte pour Angkor<\/strong>.<\/p>\n<\/div>\n<div style=\"width: 39%; padding: 0 10px 0 20px; float: left; text-align: justify;\">\n<p><strong>Fonctionnement<\/strong><\/p>\n<p style=\"text-align: justify;\">Le CIC-Angkor se r\u00e9unit deux fois par an, en session pl\u00e9ni\u00e8re et\u00a0en session technique.<\/p>\n<p style=\"text-align: justify;\"><strong>La session pl\u00e9ni\u00e8re<\/strong> du Comit\u00e9 examine les questions de politique\u00a0g\u00e9n\u00e9rale, d\u00e9termine les priorit\u00e9s et approuve les nouvelles\u00a0propositions de projets. Elle est organis\u00e9e normalement une fois\u00a0par an, au niveau des ambassadeurs. La session technique, quant\u00a0\u00e0 elle, est \u00e9galement organis\u00e9e une fois par an. Elle est consacr\u00e9e\u00a0au suivi des diff\u00e9rents projets, des activit\u00e9s et des recherches\u00a0effectu\u00e9es par les op\u00e9rateurs intervenant sur le site d\u2019Angkor.<\/p>\n<p style=\"text-align: justify;\">En outre, <strong>deux groupes d\u2019experts<\/strong> ad hoc (pour la conservation\u00a0et pour le d\u00e9veloppement durable) sont op\u00e9rationnels. Leur\u00a0mandat est d\u2019examiner toutes les questions techniques et\u00a0d\u2019orienter la mise en oeuvre des projets sous forme de recommandations.\u00a0Compos\u00e9e de quatre experts pour le groupe de\u00a0conservation et trois experts pour le d\u00e9veloppement durable,\u00a0ils fonctionnent de fa\u00e7on totalement ind\u00e9pendante.<\/p>\n<p style=\"text-align: justify;\">Enfin, <strong>des r\u00e9unions quadripartites<\/strong> sont organis\u00e9es p\u00e9riodiquement\u00a0entre la France, le Japon, le gouvernement royal du Cambodge\u00a0et l\u2019UNESCO en vue d\u2019examiner les questions relatives\u00a0au CIC-Angkor.<\/p>\n<\/div>\n<p><\/p>","protected":false},"excerpt":{"rendered":"<p>R\u00f4le Le CIC-Angkor est un m\u00e9canisme international de coordination de l&rsquo;assistance offerte par diff\u00e9rents pays et organisations \u00e0 la sauvegarde et au d\u00e9veloppement du site historique d&rsquo;Angkor Afin de remplir sa t\u00e2che, le CIC-Angkor est tenu inform\u00e9 des\u00a0projets scientifiques ou<\/p>\n","protected":false},"author":1,"featured_media":45,"parent":0,"menu_order":0,"comment_status":"closed","ping_status":"closed","template":"templates\/home-page-template.php","meta":{"footnotes":""},"class_list":["post-6","page","type-page","status-publish","has-post-thumbnail","hentry"],"_links":{"self":[{"href":"https:\/\/icc-angkor.org\/fr\/wp-json\/wp\/v2\/pages\/6","targetHints":{"allow":["GET"]}}],"collection":[{"href":"https:\/\/icc-angkor.org\/fr\/wp-json\/wp\/v2\/pages"}],"about":[{"href":"https:\/\/icc-angkor.org\/fr\/wp-json\/wp\/v2\/types\/page"}],"author":[{"embeddable":true,"href":"https:\/\/icc-angkor.org\/fr\/wp-json\/wp\/v2\/users\/1"}],"replies":[{"embeddable":true,"href":"https:\/\/icc-angkor.org\/fr\/wp-json\/wp\/v2\/comments?post=6"}],"version-history":[{"count":88,"href":"https:\/\/icc-angkor.org\/fr\/wp-json\/wp\/v2\/pages\/6\/revisions"}],"predecessor-version":[{"id":4631,"href":"https:\/\/icc-angkor.org\/fr\/wp-json\/wp\/v2\/pages\/6\/revisions\/4631"}],"wp:featuredmedia":[{"embeddable":true,"href":"https:\/\/icc-angkor.org\/fr\/wp-json\/wp\/v2\/media\/45"}],"wp:attachment":[{"href":"https:\/\/icc-angkor.org\/fr\/wp-json\/wp\/v2\/media?parent=6"}],"curies":[{"name":"wp","href":"https:\/\/api.w.org\/{rel}","templated":true}]}}